{"id":103,"date":"2020-09-20T15:50:37","date_gmt":"2020-09-20T13:50:37","guid":{"rendered":"http:\/\/www.gokamenice.cz\/?page_id=103"},"modified":"2025-10-09T15:18:30","modified_gmt":"2025-10-09T13:18:30","slug":"pd-predskolni-deti","status":"publish","type":"page","link":"https:\/\/www.gokamenice.cz\/?page_id=103","title":{"rendered":"PD &#8211; P\u0159ed\u0161koln\u00ed d\u011bti"},"content":{"rendered":"\n<p><\/p>\n\n\n\n<figure class=\"wp-block-table\"><table><tbody><tr><td><strong>Tren\u00e9r:<\/strong><\/td><td>Tom\u00e1\u0161 Marc\u00edn<\/td><\/tr><tr><td><strong>Kontakt:<\/strong><\/td><td>tomas.marcin@atlas.cz<\/td><\/tr><tr><td><strong>\u010casy tr\u00e9nink\u016f:<\/strong><\/td><td>st\u0159eda 17:45 &#8211; 18:45<\/td><\/tr><tr><td><strong>Odd\u00edlov\u00e9 a \u010dlensk\u00e9 p\u0159\u00edsp\u011bvky:<\/strong><\/td><td>2.500,- K\u010d<\/td><\/tr><\/tbody><\/table><\/figure>\n\n\n\n<p>Na cvi\u010den\u00ed p\u0159ed\u0161koln\u00edch d\u011bt\u00ed p\u0159ich\u00e1zej\u00ed mal\u00ed cvi\u010denci v podstat\u011b poprv\u00e9 do kontaktu s prostorem t\u011blocvi\u010dny, s n\u00e1\u0159ad\u00edm a n\u00e1\u010din\u00edm, kter\u00e9 poskytuje.<br>Formou pohybov\u00fdch her se d\u011bti u\u010d\u00ed orientaci v prostoru,z\u00edsk\u00e1vaj\u00ed z\u00e1klady koordinace pohybu, podstupuj\u00ed n\u011bco posilov\u00e1n\u00ed a pozn\u00e1vaj\u00ed v sob\u011b radost z pohybu,kter\u00e1 je pot\u0159ebn\u00e1 pro jejich dal\u0161\u00ed sportovn\u00ed v\u00fdvoj.<br>Prom\u011bnlivost\u00ed cvi\u010den\u00ed je snaha o udr\u017een\u00ed pozornosti mal\u00fdch cvi\u010denc\u016f po dobu cel\u00e9 cvi\u010debn\u00ed hodiny.<br>Po \u00favodn\u00ed zah\u0159\u00edvac\u00ed \u010d\u00e1sti doprov\u00e1zen\u00e9 b\u011bhem, n\u00e1sledn\u00e9 pr\u016fprav\u011b v zastoupen\u00ed r\u016fzn\u00fdch rozcvi\u010dek s n\u00e1\u010din\u00edm n\u00e1sleduje h\u0159eb hodiny v podob\u011b p\u0159ek\u00e1\u017ekov\u00e9 dr\u00e1hy.<br>Na konci se lou\u010d\u00edme v ji\u017e klidn\u011bj\u0161\u00edm tempu pot\u00e9, co d\u011bti pom\u00e1haj\u00ed rodi\u010d\u016fm i cvi\u010diteli s \u00faklidem n\u00e1\u0159ad\u00ed.<\/p>\n\n\n\n<div class=\"wp-block-file\"><a id=\"wp-block-file--media-745af806-6908-47fc-9ccb-b538fe28a53d\" href=\"https:\/\/www.gokamenice.cz\/wp-content\/uploads\/2025\/10\/Prihlaska-do-oddilu-PD.docx\">P\u0159ihl\u00e1\u0161ka do odd\u00edlu PD<\/a><a href=\"https:\/\/www.gokamenice.cz\/wp-content\/uploads\/2025\/10\/Prihlaska-do-oddilu-PD.docx\" class=\"wp-block-file__button wp-element-button\" download aria-describedby=\"wp-block-file--media-745af806-6908-47fc-9ccb-b538fe28a53d\">St\u00e1hnout<\/a><\/div>\n","protected":false},"excerpt":{"rendered":"<p>Tren\u00e9r: Tom\u00e1\u0161 Marc\u00edn Kontakt: tomas.marcin@atlas.cz \u010casy tr\u00e9nink\u016f: st\u0159eda 17:45 &#8211; 18:45 Odd\u00edlov\u00e9 a \u010dlensk\u00e9 p\u0159\u00edsp\u011bvky: 2.500,- K\u010d Na cvi\u010den\u00ed p\u0159ed\u0161koln\u00edch d\u011bt\u00ed p\u0159ich\u00e1zej\u00ed mal\u00ed cvi\u010denci v podstat\u011b poprv\u00e9 do kontaktu s&#8230;<\/p>\n","protected":false},"author":1,"featured_media":0,"parent":28,"menu_order":0,"comment_status":"closed","ping_status":"closed","template":"","meta":{"footnotes":""},"class_list":["post-103","page","type-page","status-publish","hentry","entry"],"_links":{"self":[{"href":"https:\/\/www.gokamenice.cz\/index.php?rest_route=\/wp\/v2\/pages\/103","targetHints":{"allow":["GET"]}}],"collection":[{"href":"https:\/\/www.gokamenice.cz\/index.php?rest_route=\/wp\/v2\/pages"}],"about":[{"href":"https:\/\/www.gokamenice.cz\/index.php?rest_route=\/wp\/v2\/types\/page"}],"author":[{"embeddable":true,"href":"https:\/\/www.gokamenice.cz\/index.php?rest_route=\/wp\/v2\/users\/1"}],"replies":[{"embeddable":true,"href":"https:\/\/www.gokamenice.cz\/index.php?rest_route=%2Fwp%2Fv2%2Fcomments&post=103"}],"version-history":[{"count":9,"href":"https:\/\/www.gokamenice.cz\/index.php?rest_route=\/wp\/v2\/pages\/103\/revisions"}],"predecessor-version":[{"id":510,"href":"https:\/\/www.gokamenice.cz\/index.php?rest_route=\/wp\/v2\/pages\/103\/revisions\/510"}],"up":[{"embeddable":true,"href":"https:\/\/www.gokamenice.cz\/index.php?rest_route=\/wp\/v2\/pages\/28"}],"wp:attachment":[{"href":"https:\/\/www.gokamenice.cz\/index.php?rest_route=%2Fwp%2Fv2%2Fmedia&parent=103"}],"curies":[{"name":"wp","href":"https:\/\/api.w.org\/{rel}","templated":true}]}}