{"id":28,"date":"2020-06-29T16:09:30","date_gmt":"2020-06-29T14:09:30","guid":{"rendered":"http:\/\/www.gokamenice.cz\/?page_id=28"},"modified":"2025-10-09T15:25:53","modified_gmt":"2025-10-09T13:25:53","slug":"treninkove-skupiny","status":"publish","type":"page","link":"https:\/\/www.gokamenice.cz\/?page_id=28","title":{"rendered":"Tr\u00e9ninkov\u00e9 skupiny"},"content":{"rendered":"\n<p>Gymnastky a gymnast\u00e9 v na\u0161em odd\u00edle jsou rozd\u011bleni do tr\u00e9ninkov\u00fdch skupin na z\u00e1klad\u011b zku\u0161enost\u00ed a dovednost\u00ed.<\/p>\n\n\n\n<h2 class=\"wp-block-heading\">Tr\u00e9ninkov\u00e9 skupiny<\/h2>\n\n\n\n<ul class=\"wp-block-list\">\n<li><a href=\"https:\/\/www.gokamenice.cz\/?page_id=60\">D6 &#8211; p\u0159\u00edpravka<\/a> (Jitka Anto\u0161ov\u00e1)<\/li>\n\n\n\n<li><a href=\"http:\/\/www.gokamenice.cz\/?page_id=35\">H2 &#8211; mlad\u0161\u00ed chlapci<\/a> (Lucie \u0160ev\u010d\u00edkov\u00e1\/Pavel Folprecht)<\/li>\n\n\n\n<li><a href=\"http:\/\/www.gokamenice.cz\/?page_id=39\">D4 &#8211; z\u00e1vodn\u00ed dru\u017estvo Junior I<\/a> (Monika Majerov\u00e1)<\/li>\n\n\n\n<li><a href=\"http:\/\/www.gokamenice.cz\/?page_id=37\">D3 &#8211; z\u00e1vodn\u00ed dru\u017estvo Junior II<\/a> (Monika Majerov\u00e1)<\/li>\n\n\n\n<li><a href=\"http:\/\/www.gokamenice.cz\/?page_id=68\">D2 &#8211; z\u00e1vodn\u00ed dru\u017estvo Senior A<\/a> (Anna Majerov\u00e1)<\/li>\n\n\n\n<li><a href=\"http:\/\/www.gokamenice.cz\/?page_id=33\">D1 &#8211; z\u00e1vodn\u00ed dru\u017estvo Senior B<\/a> (Anna Majerov\u00e1)<\/li>\n\n\n\n<li><a href=\"https:\/\/www.gokamenice.cz\/?page_id=103\">PD &#8211; p\u0159ed\u0161koln\u00ed d\u011bti<\/a> (Tom\u00e1\u0161 Marc\u00edn)<\/li>\n\n\n\n<li><a href=\"https:\/\/www.gokamenice.cz\/?page_id=423\">AD &#8211; aktivn\u00ed dosp\u011bl\u00ed<\/a> (Anna Majerov\u00e1)<\/li>\n<\/ul>\n\n\n\n<p><\/p>\n","protected":false},"excerpt":{"rendered":"<p>Gymnastky a gymnast\u00e9 v na\u0161em odd\u00edle jsou rozd\u011bleni do tr\u00e9ninkov\u00fdch skupin na z\u00e1klad\u011b zku\u0161enost\u00ed a dovednost\u00ed. Tr\u00e9ninkov\u00e9 skupiny<\/p>\n","protected":false},"author":1,"featured_media":0,"parent":0,"menu_order":0,"comment_status":"closed","ping_status":"closed","template":"","meta":{"footnotes":""},"class_list":["post-28","page","type-page","status-publish","hentry","entry"],"_links":{"self":[{"href":"https:\/\/www.gokamenice.cz\/index.php?rest_route=\/wp\/v2\/pages\/28","targetHints":{"allow":["GET"]}}],"collection":[{"href":"https:\/\/www.gokamenice.cz\/index.php?rest_route=\/wp\/v2\/pages"}],"about":[{"href":"https:\/\/www.gokamenice.cz\/index.php?rest_route=\/wp\/v2\/types\/page"}],"author":[{"embeddable":true,"href":"https:\/\/www.gokamenice.cz\/index.php?rest_route=\/wp\/v2\/users\/1"}],"replies":[{"embeddable":true,"href":"https:\/\/www.gokamenice.cz\/index.php?rest_route=%2Fwp%2Fv2%2Fcomments&post=28"}],"version-history":[{"count":23,"href":"https:\/\/www.gokamenice.cz\/index.php?rest_route=\/wp\/v2\/pages\/28\/revisions"}],"predecessor-version":[{"id":514,"href":"https:\/\/www.gokamenice.cz\/index.php?rest_route=\/wp\/v2\/pages\/28\/revisions\/514"}],"wp:attachment":[{"href":"https:\/\/www.gokamenice.cz\/index.php?rest_route=%2Fwp%2Fv2%2Fmedia&parent=28"}],"curies":[{"name":"wp","href":"https:\/\/api.w.org\/{rel}","templated":true}]}}