{"id":35,"date":"2020-06-29T16:10:14","date_gmt":"2020-06-29T14:10:14","guid":{"rendered":"http:\/\/www.gokamenice.cz\/?page_id=35"},"modified":"2025-10-09T15:20:27","modified_gmt":"2025-10-09T13:20:27","slug":"h2","status":"publish","type":"page","link":"https:\/\/www.gokamenice.cz\/?page_id=35","title":{"rendered":"H2"},"content":{"rendered":"\n<figure class=\"wp-block-table\"><table><tbody><tr><td><strong>Tren\u00e9r:<\/strong><\/td><td>Lucie \u0160ev\u010d\u00edkov\u00e1\/Pavel Folprecht<\/td><\/tr><tr><td><strong>Kontakt:<\/strong><\/td><td>lucie.sevcikova@hotmail.com<\/td><\/tr><tr><td><strong>\u010casy tr\u00e9nink\u016f:<\/strong><\/td><td>\u00fater\u00fd 16:30 &#8211; 18:00<\/td><\/tr><tr><td><\/td><td>\u010dtvrtek 17:00 &#8211; 18:30<\/td><\/tr><tr><td><\/td><td>p\u00e1tek 17:00 &#8211; 18:30<\/td><\/tr><tr><td><strong>Odd\u00edlov\u00e9 a \u010dlensk\u00e9 p\u0159\u00edsp\u011bvky:<\/strong><\/td><td>7.200,- K\u010d<\/td><\/tr><\/tbody><\/table><\/figure>\n\n\n\n<p>U chlapc\u016f se zam\u011b\u0159ujeme p\u0159ev\u00e1\u017en\u011b na fyzickou a kondi\u010dn\u00ed p\u0159\u00edpravu, d\u00edky kter\u00e9 jsou pozd\u011bji schopni se u\u010dit nov\u00e9 a obt\u00ed\u017en\u011bj\u0161\u00ed prvky. V lo\u0148sk\u00e9m roce jsme se zam\u011b\u0159ovali na akrobacii, kde postupn\u011b opakujeme z\u00e1klady &#8211; nap\u0159. kotouly, hv\u011bzdy, stojky a n\u00e1sleduj\u00ed obt\u00ed\u017en\u011bj\u0161\u00ed prvky &#8211; pr\u016fpravy na p\u0159emet vp\u0159ed, rondat, flik vzad. V r\u00e1mci trampol\u00edny se u\u010d\u00edme n\u00e1skok na trampol\u00ednu, p\u0159\u00edm\u00e9 skoky, skoky s obratem, skr\u010dky, schylky, \u0161tiky a posouv\u00e1me se k n\u00e1cviku salta. U skok\u016f p\u0159es p\u0159eskokov\u00e9 n\u00e1\u0159ad\u00ed se zam\u011b\u0159ujeme na skr\u010dku a n\u00e1sledn\u011b se postupuje k pr\u016fprav\u00e1m na p\u0159emet vp\u0159ed a rondat. Klademe velk\u00fd d\u016fraz na tvo\u0159en\u00ed t\u00fdmu a spolupr\u00e1ce v n\u011bm. <\/p>\n\n\n\n<div class=\"wp-block-file\"><a id=\"wp-block-file--media-4f6ffba7-c2c4-4be5-8b66-5b1bd447aee6\" href=\"https:\/\/www.gokamenice.cz\/wp-content\/uploads\/2025\/10\/Prihlaska-Lucka-mladsi-chlapci-2025.docx\">P\u0159ihl\u00e1\u0161ka H2 2025<\/a><a href=\"https:\/\/www.gokamenice.cz\/wp-content\/uploads\/2025\/10\/Prihlaska-Lucka-mladsi-chlapci-2025.docx\" class=\"wp-block-file__button wp-element-button\" download aria-describedby=\"wp-block-file--media-4f6ffba7-c2c4-4be5-8b66-5b1bd447aee6\">St\u00e1hnout<\/a><\/div>\n","protected":false},"excerpt":{"rendered":"<p>Tren\u00e9r: Lucie \u0160ev\u010d\u00edkov\u00e1\/Pavel Folprecht Kontakt: lucie.sevcikova@hotmail.com \u010casy tr\u00e9nink\u016f: \u00fater\u00fd 16:30 &#8211; 18:00 \u010dtvrtek 17:00 &#8211; 18:30 p\u00e1tek 17:00 &#8211; 18:30 Odd\u00edlov\u00e9 a \u010dlensk\u00e9 p\u0159\u00edsp\u011bvky: 7.200,- K\u010d U chlapc\u016f se zam\u011b\u0159ujeme&#8230;<\/p>\n","protected":false},"author":1,"featured_media":0,"parent":28,"menu_order":0,"comment_status":"closed","ping_status":"closed","template":"","meta":{"footnotes":""},"class_list":["post-35","page","type-page","status-publish","hentry","entry"],"_links":{"self":[{"href":"https:\/\/www.gokamenice.cz\/index.php?rest_route=\/wp\/v2\/pages\/35","targetHints":{"allow":["GET"]}}],"collection":[{"href":"https:\/\/www.gokamenice.cz\/index.php?rest_route=\/wp\/v2\/pages"}],"about":[{"href":"https:\/\/www.gokamenice.cz\/index.php?rest_route=\/wp\/v2\/types\/page"}],"author":[{"embeddable":true,"href":"https:\/\/www.gokamenice.cz\/index.php?rest_route=\/wp\/v2\/users\/1"}],"replies":[{"embeddable":true,"href":"https:\/\/www.gokamenice.cz\/index.php?rest_route=%2Fwp%2Fv2%2Fcomments&post=35"}],"version-history":[{"count":17,"href":"https:\/\/www.gokamenice.cz\/index.php?rest_route=\/wp\/v2\/pages\/35\/revisions"}],"predecessor-version":[{"id":513,"href":"https:\/\/www.gokamenice.cz\/index.php?rest_route=\/wp\/v2\/pages\/35\/revisions\/513"}],"up":[{"embeddable":true,"href":"https:\/\/www.gokamenice.cz\/index.php?rest_route=\/wp\/v2\/pages\/28"}],"wp:attachment":[{"href":"https:\/\/www.gokamenice.cz\/index.php?rest_route=%2Fwp%2Fv2%2Fmedia&parent=35"}],"curies":[{"name":"wp","href":"https:\/\/api.w.org\/{rel}","templated":true}]}}